{"id":548,"date":"2024-06-03T12:49:19","date_gmt":"2024-06-03T10:49:19","guid":{"rendered":"https:\/\/piryta.com\/avis-legal\/"},"modified":"2025-05-14T10:33:15","modified_gmt":"2025-05-14T08:33:15","slug":"avis-legal","status":"publish","type":"page","link":"https:\/\/piryta.com\/ca\/avis-legal\/","title":{"rendered":"Av\u00eds legal"},"content":{"rendered":"\t\t<div data-elementor-type=\"wp-page\" data-elementor-id=\"548\" class=\"elementor elementor-548 elementor-443\" data-elementor-post-type=\"page\">\n\t\t\t\t<div class=\"elementor-element elementor-element-2fc6a15 e-flex e-con-boxed e-con e-parent\" data-id=\"2fc6a15\" data-element_type=\"container\" data-e-type=\"container\">\n\t\t\t\t\t<div class=\"e-con-inner\">\n\t\t\t\t<div class=\"elementor-element elementor-element-5eccd03 elementor-widget elementor-widget-heading\" data-id=\"5eccd03\" data-element_type=\"widget\" data-e-type=\"widget\" data-widget_type=\"heading.default\">\n\t\t\t\t<div class=\"elementor-widget-container\">\n\t\t\t\t\t<h2 class=\"elementor-heading-title elementor-size-default\">AV\u00cdS LEGAL.<\/h2>\t\t\t\t<\/div>\n\t\t\t\t<\/div>\n\t\t\t\t<div class=\"elementor-element elementor-element-58fb887 elementor-widget elementor-widget-text-editor\" data-id=\"58fb887\" data-element_type=\"widget\" data-e-type=\"widget\" data-widget_type=\"text-editor.default\">\n\t\t\t\t<div class=\"elementor-widget-container\">\n\t\t\t\t\t\t\t\t\t<p>Amb la finalitat de donar en compliment de larticle 10 de la Llei 34\/2002 de Serveis de la Societat de la Informaci\u00f3 i Comer\u00e7 Electr\u00f2nic, informem a lusuari de les nostres dades de contacte:<\/p>\n<p><u>Nom comercial<\/u> : PIRYTA<\/p>\n<p><u>Tel\u00e8fon<\/u> : 937 64 25 85<\/p>\n<p><u>Email<\/u> : info@piryta.com<\/p>\n<p><u>P\u00e0gina web<\/u> : www.piryta.cat<\/p>\n<p><b>Objecte<\/b><br> El prestador, responsable del lloc web, posa a disposici\u00f3 dels usuaris aquest document amb qu\u00e8 pret\u00e9n donar compliment a les obligacions disposades a la Llei 34\/2002, de Serveis de la Societat de la Informaci\u00f3 i del Comer\u00e7 Electr\u00f2nic (LSSI-CE ), aix\u00ed com informar tots els usuaris del lloc web respecte a quines s\u00f3n les condicions d&#8217;\u00fas del lloc web.<br>Tota persona que accedeixi a aquest lloc web assumeix el paper d&#8217;usuari, comprometent-se a l&#8217;observan\u00e7a i el rigor\u00f3s compliment de les disposicions aqu\u00ed disposades, aix\u00ed com a qualsevol altra disposici\u00f3 legal que fos aplicable.<br>El prestador es reserva el dret a modificar qualsevol tipus d&#8217;informaci\u00f3 que pogu\u00e9s apar\u00e8ixer al lloc web, sense que hi hagi obligaci\u00f3 de preav\u00eds o posar en coneixement dels usuaris aquestes obligacions, entenent-se com a suficient amb la publicaci\u00f3 al lloc web del prestador.<\/p>\n<p><b>Responsabilitat<\/b><br> El prestador s&#8217;eximeix de qualsevol tipus de responsabilitat derivada de la informaci\u00f3 publicada al seu lloc web, sempre que aquesta informaci\u00f3 hagi estat manipulada o introdu\u00efda per un tercer ali\u00e8 a aquest.<br> El lloc web del prestador pot utilitzar cookies (petits fitxers d&#8217;informaci\u00f3 que el servidor envia a l&#8217;ordinador de qui accedeix a la p\u00e0gina) per dur a terme determinades funcions que s\u00f3n considerades imprescindibles per al correcte funcionament i visualitzaci\u00f3 del lloc. Les cookies utilitzades al lloc web tenen, en tot cas, car\u00e0cter temporal amb l&#8217;\u00fanica finalitat de fer m\u00e9s efica\u00e7 la seva transmissi\u00f3 ulterior i desapareixen en finalitzar la sessi\u00f3 de l&#8217;usuari. En cap cas s&#8217;utilitzaran les galetes per demanar informaci\u00f3 de car\u00e0cter personal.<\/p>\n<p>Des del lloc web del client \u00e9s possible que es redirigeixi a continguts de tercers llocs web. At\u00e8s que el prestador no pot controlar sempre els continguts introdu\u00efts pels tercers als seus llocs web, aquest no assumeix cap mena de responsabilitat respecte a aquests continguts. En tot cas, el prestador manifesta que procedir\u00e0 a la retirada immediata de qualsevol contingut que pogu\u00e9s contravenir la legislaci\u00f3 nacional o internacional, la moral o l&#8217;ordre p\u00fablic, procedint a la retirada immediata de la redirecci\u00f3 a aquest lloc web, posant en coneixement de les autoritats competents el contingut en q\u00fcesti\u00f3.<\/p>\n<p>El prestador no es fa responsable de la informaci\u00f3 i continguts emmagatzemats, a t\u00edtol enunciatiu per\u00f2 no limitatiu, en f\u00f2rums, xats, generadors de blocs, comentaris, xarxes socials o qualsevol altre mitj\u00e0 que permeti a tercers publicar continguts de forma independent a la p\u00e0gina web del prestador. No obstant aix\u00f2 i en compliment del que disposa l&#8217;art. 11 i 16 de la LSSI-CE, el prestador es posa a disposici\u00f3 de tots els usuaris, autoritats i forces de seguretat, i col\u00b7laborant de forma activa en la retirada o si \u00e9s el cas bloqueig de tots aquells continguts que poguessin afectar o contravenir la legislaci\u00f3 nacional, o internacional, drets de tercers o la moral i lordre p\u00fablic. En cas que l&#8217;usuari consideri que hi ha al lloc web algun contingut que pogu\u00e9s ser susceptible d&#8217;aquesta classificaci\u00f3, es prega que ho notifiqui de manera immediata a l&#8217;administrador del lloc web.<\/p>\n<p>Aquest lloc web ha estat revisat i provat perqu\u00e8 funcioni correctament. En principi, se&#8217;n pot garantir el funcionament correcte els 365 dies de l&#8217;any, 24 hores al dia. Tot i aix\u00f2, el prestador no descarta la possibilitat que hi hagi certs errors de programaci\u00f3, o que es converteixin en causes de for\u00e7a major, cat\u00e0strofes naturals, vagues, o circumst\u00e0ncies similars que facin impossible l&#8217;acc\u00e9s a la p\u00e0gina web.<\/p>\n<p>Propietat intel\u00b7lectual i industrial<br> El lloc web, incloent-hi a t\u00edtol enunciatiu per\u00f2 no limitatiu la seva programaci\u00f3, edici\u00f3, compilaci\u00f3 i altres elements necessaris per al seu funcionament, els dissenys, logotips, text i\/o gr\u00e0fics s\u00f3n propietat del prestador o si escau disposa de llic\u00e8ncia o autoritzaci\u00f3 expressa per part dels autors. Tots els continguts del lloc web es troben degudament protegits per la normativa de propietat intel\u00b7lectual i industrial, aix\u00ed com inscrits als registres p\u00fablics corresponents.<\/p>\n<p>Independentment de la finalitat per a la qual fossin destinats, la reproducci\u00f3 total o parcial, \u00fas, explotaci\u00f3, distribuci\u00f3 i comercialitzaci\u00f3 requereix en tot cas l&#8217;autoritzaci\u00f3 escrita pr\u00e8via per part del prestador. Qualsevol \u00fas no autoritzat pr\u00e8viament per part del prestador ser\u00e0 considerat un incompliment greu dels drets de propietat intel\u00b7lectual o industrial de lautor.<\/p>\n<p>Els dissenys, logotips, text i\/o gr\u00e0fics aliens al prestador i que poguessin apar\u00e8ixer al lloc web, pertanyen als seus respectius propietaris, sent ells mateixos responsables de qualsevol possible controv\u00e8rsia que pogu\u00e9s suscitar-se respecte d&#8217;aquests. En tot cas, el prestador compta amb lautoritzaci\u00f3 expressa i pr\u00e8via per part daquests.<\/p>\n<p>El prestador NO AUTORITZA expressament al fet que tercers puguin redirigir directament als continguts concrets del lloc web, havent de redirigir en tot cas al lloc web principal del prestador.<\/p>\n<p>El prestador reconeix a favor dels seus titulars els corresponents drets de propietat industrial i intel\u00b7lectual, i no implica la seva sola menci\u00f3 o aparici\u00f3 al lloc web l&#8217;exist\u00e8ncia de drets o responsabilitat del prestador sobre aquests, com tampoc suport, patrocini o recomanaci\u00f3 per part d&#8217;aquest.<br> Per realitzar qualsevol tipus d&#8217;observaci\u00f3 respecte a possibles incompliments dels drets de propietat intel\u00b7lectual o industrial, aix\u00ed com sobre qualsevol dels continguts del lloc web, podeu fer-ho a trav\u00e9s del seg\u00fcent correu electr\u00f2nic.<\/p>\n<p><b>Veracitat de la informaci\u00f3 i menors d&#8217;edat<\/b><br> Tota la informaci\u00f3 que facilita l&#8217;usuari ha de ser vera\u00e7. A aquest efecte, l&#8217;Usuari garanteix l&#8217;autenticitat de les dades comunicades a trav\u00e9s dels formularis per a la subscripci\u00f3 dels serveis. Ser\u00e0 responsabilitat de l&#8217;Usuari mantenir tota la informaci\u00f3 facilitada a FOSTER THE MARKET SL permanentment actualitzada de manera que respongui, en tot moment, a la seva situaci\u00f3 real. En qualsevol cas, l&#8217;Usuari ser\u00e0 l&#8217;\u00fanic responsable de les manifestacions falses o inexactes que faci i dels perjudicis que causi el prestador o tercers. Quant a l&#8217;\u00fas dels serveis d&#8217;aquest lloc web, els menors han d&#8217;obtenir sempre pr\u00e8viament el consentiment dels pares, tutors o representants legals, responsables darrers de tots els actes realitzats pels menors a c\u00e0rrec seu. La responsabilitat en la determinaci\u00f3 de continguts concrets a qu\u00e8 accedeixen els menors correspon a aquells, per la qual cosa si accedeixen a continguts no apropiats per Internet, s&#8217;han d&#8217;establir als seus ordinadors mecanismes, en particular programes inform\u00e0tics, filtres i bloquejos, que permetin limitar els continguts disponibles i, tot i que no siguin infal\u00b7libles, s\u00f3n d&#8217;especial utilitat per controlar i restringir els materials a qu\u00e8 poden accedir els menors.<\/p>\n<p><b>Obligaci\u00f3 de fer un \u00fas correcte de la web<\/b><br> L&#8217;usuari es compromet a utilitzar la Web de conformitat a la Llei i al present Av\u00eds Legal, aix\u00ed com a la moral i bons costums. A aquest efecte, l&#8217;Usuari s&#8217;abstindr\u00e0 d&#8217;utilitzar la p\u00e0gina amb finalitats il\u00b7l\u00edcites o prohibides, lesives de drets i interessos de tercers, o que de qualsevol manera puguin danyar, inutilitzar, sobrecarregar, deteriorar o impedir la utilitzaci\u00f3 normal d&#8217;equips inform\u00e0tics o documents, arxius i tota mena de continguts emmagatzemats en qualsevol equip inform\u00e0tic del prestador.<br> En particular, ia t\u00edtol indicatiu per\u00f2 no exhaustiu, l&#8217;Usuari es compromet a no transmetre, difondre o posar a disposici\u00f3 de tercers informacions, dades, continguts, missatges, gr\u00e0fics, dibuixos, arxius de so o imatge, fotografies, enregistraments, programari i, en general, qualsevol mena de material que: <\/p>\n<ul>\n<li><span style=\"font-family: var( --e-global-typography-text-font-family ), Sans-serif; font-size: var( --e-global-typography-text-font-size );\">sigui contr\u00e0ria, menysprea o atempti contra els drets fonamentals i les llibertats p\u00fabliques reconegudes constitucionalment, en tractats internacionals i altres normes vigents;<br><\/span><\/li><li><span style=\"font-family: var( --e-global-typography-text-font-family ), Sans-serif; font-size: var( --e-global-typography-text-font-size );\">indueixi, inciti o promogui actuacions delictives, denigrants, difamat\u00f2ries, violentes o, en general, contr\u00e0ries a la llei, a la moral ia l&#8217;ordre p\u00fablic;<\/span><br><\/li>\n<li><span style=\"font-family: var( --e-global-typography-text-font-family ), Sans-serif; font-size: var( --e-global-typography-text-font-size );\">indueixi, inciti o promogui actuacions, actituds o pensaments discriminatoris per ra\u00f3 de sexe, ra\u00e7a, religi\u00f3, creences, edat o condici\u00f3;<\/span><br><\/li>\n<li><span style=\"font-family: var( --e-global-typography-text-font-family ), Sans-serif; font-size: var( --e-global-typography-text-font-size );\">sigui contrari al dret a l&#8217;honor, a la intimitat personal o familiar oa la pr\u00f2pia imatge de les persones;<\/span><br><\/li>\n<li><span style=\"font-family: var( --e-global-typography-text-font-family ), Sans-serif; font-size: var( --e-global-typography-text-font-size );\">de qualsevol manera perjudiqui la credibilitat del prestador o de tercers; i<\/span><br><\/li>\n<li><span style=\"font-family: var( --e-global-typography-text-font-family ), Sans-serif; font-size: var( --e-global-typography-text-font-size );\">constitueixi publicitat il\u00b7l\u00edcita, enganyosa o deslleial.<\/span><br><\/li>\n<\/ul>\n<p><br><\/p>\n<p><b>Llei Aplicable i Jurisdicci\u00f3<\/b><br> Per a la resoluci\u00f3 de totes les controv\u00e8rsies o q\u00fcestions relacionades amb aquest lloc web o de les activitats que s&#8217;hi desenvolupin, \u00e9s aplicable la legislaci\u00f3 espanyola, a la qual se sotmeten expressament les parts, i s\u00f3n competents per a la resoluci\u00f3 de tots els conflictes derivats o relacionats amb el seu \u00fas els jutjats i tribunals espanyols.<\/p>\t\t\t\t\t\t\t\t<\/div>\n\t\t\t\t<\/div>\n\t\t\t\t\t<\/div>\n\t\t\t\t<\/div>\n\t\t\t\t<\/div>\n\t\t","protected":false},"excerpt":{"rendered":"<p>AV\u00cdS LEGAL. Amb la finalitat de donar en compliment de larticle 10 de la Llei 34\/2002 de Serveis de la Societat de la Informaci\u00f3 i Comer\u00e7 Electr\u00f2nic, informem a lusuari de les nostres dades de contacte: Nom comercial : PIRYTA Tel\u00e8fon : 937 64 25 85 Email : info@piryta.com P\u00e0gina web : www.piryta.cat Objecte El [&hellip;]<\/p>\n","protected":false},"author":1,"featured_media":492,"parent":0,"menu_order":0,"comment_status":"closed","ping_status":"closed","template":"","meta":{"footnotes":""},"class_list":["post-548","page","type-page","status-publish","has-post-thumbnail","hentry"],"yoast_head":"<!-- This site is optimized with the Yoast SEO plugin v27.4 - https:\/\/yoast.com\/product\/yoast-seo-wordpress\/ -->\n<title>Av\u00eds legal - Piryta<\/title>\n<meta name=\"description\" content=\"Consulteu l&#039;av\u00eds legal de Piryta amb informaci\u00f3 sobre titularitat, propietat intel\u00b7lectual i \u00fas del lloc.\" \/>\n<meta name=\"robots\" content=\"index, follow, max-snippet:-1, max-image-preview:large, max-video-preview:-1\" \/>\n<link rel=\"canonical\" href=\"https:\/\/piryta.com\/ca\/avis-legal\/\" \/>\n<meta property=\"og:locale\" content=\"ca_ES\" \/>\n<meta property=\"og:type\" content=\"article\" \/>\n<meta property=\"og:title\" content=\"Av\u00eds legal - Piryta\" \/>\n<meta property=\"og:description\" content=\"Consulteu l&#039;av\u00eds legal de Piryta amb informaci\u00f3 sobre titularitat, propietat intel\u00b7lectual i \u00fas del lloc.\" \/>\n<meta property=\"og:url\" content=\"https:\/\/piryta.com\/ca\/avis-legal\/\" \/>\n<meta property=\"og:site_name\" content=\"Piryta\" \/>\n<meta property=\"article:modified_time\" content=\"2025-05-14T08:33:15+00:00\" \/>\n<meta property=\"og:image\" content=\"https:\/\/piryta.com\/wp-content\/uploads\/2024\/05\/piryta-favicon_1.png\" \/>\n\t<meta property=\"og:image:width\" content=\"37\" \/>\n\t<meta property=\"og:image:height\" content=\"47\" \/>\n\t<meta property=\"og:image:type\" content=\"image\/png\" \/>\n<meta name=\"twitter:card\" content=\"summary_large_image\" \/>\n<meta name=\"twitter:label1\" content=\"Temps estimat de lectura\" \/>\n\t<meta name=\"twitter:data1\" content=\"7 minuts\" \/>\n<script type=\"application\/ld+json\" class=\"yoast-schema-graph\">{\"@context\":\"https:\\\/\\\/schema.org\",\"@graph\":[{\"@type\":\"WebPage\",\"@id\":\"https:\\\/\\\/piryta.com\\\/ca\\\/avis-legal\\\/\",\"url\":\"https:\\\/\\\/piryta.com\\\/ca\\\/avis-legal\\\/\",\"name\":\"Av\u00eds legal - Piryta\",\"isPartOf\":{\"@id\":\"https:\\\/\\\/piryta.com\\\/ca\\\/#website\"},\"primaryImageOfPage\":{\"@id\":\"https:\\\/\\\/piryta.com\\\/ca\\\/avis-legal\\\/#primaryimage\"},\"image\":{\"@id\":\"https:\\\/\\\/piryta.com\\\/ca\\\/avis-legal\\\/#primaryimage\"},\"thumbnailUrl\":\"https:\\\/\\\/piryta.com\\\/wp-content\\\/uploads\\\/2024\\\/05\\\/piryta-favicon_1.png\",\"datePublished\":\"2024-06-03T10:49:19+00:00\",\"dateModified\":\"2025-05-14T08:33:15+00:00\",\"description\":\"Consulteu l'av\u00eds legal de Piryta amb informaci\u00f3 sobre titularitat, propietat intel\u00b7lectual i \u00fas del lloc.\",\"breadcrumb\":{\"@id\":\"https:\\\/\\\/piryta.com\\\/ca\\\/avis-legal\\\/#breadcrumb\"},\"inLanguage\":\"ca\",\"potentialAction\":[{\"@type\":\"ReadAction\",\"target\":[\"https:\\\/\\\/piryta.com\\\/ca\\\/avis-legal\\\/\"]}]},{\"@type\":\"ImageObject\",\"inLanguage\":\"ca\",\"@id\":\"https:\\\/\\\/piryta.com\\\/ca\\\/avis-legal\\\/#primaryimage\",\"url\":\"https:\\\/\\\/piryta.com\\\/wp-content\\\/uploads\\\/2024\\\/05\\\/piryta-favicon_1.png\",\"contentUrl\":\"https:\\\/\\\/piryta.com\\\/wp-content\\\/uploads\\\/2024\\\/05\\\/piryta-favicon_1.png\",\"width\":37,\"height\":47},{\"@type\":\"BreadcrumbList\",\"@id\":\"https:\\\/\\\/piryta.com\\\/ca\\\/avis-legal\\\/#breadcrumb\",\"itemListElement\":[{\"@type\":\"ListItem\",\"position\":1,\"name\":\"Inici\",\"item\":\"https:\\\/\\\/piryta.com\\\/ca\\\/\"},{\"@type\":\"ListItem\",\"position\":2,\"name\":\"Av\u00eds legal\"}]},{\"@type\":\"WebSite\",\"@id\":\"https:\\\/\\\/piryta.com\\\/ca\\\/#website\",\"url\":\"https:\\\/\\\/piryta.com\\\/ca\\\/\",\"name\":\"Piryta\",\"description\":\"Materiales de por vida. Suelos y paredes\",\"publisher\":{\"@id\":\"https:\\\/\\\/piryta.com\\\/ca\\\/#organization\"},\"potentialAction\":[{\"@type\":\"SearchAction\",\"target\":{\"@type\":\"EntryPoint\",\"urlTemplate\":\"https:\\\/\\\/piryta.com\\\/ca\\\/?s={search_term_string}\"},\"query-input\":{\"@type\":\"PropertyValueSpecification\",\"valueRequired\":true,\"valueName\":\"search_term_string\"}}],\"inLanguage\":\"ca\"},{\"@type\":\"Organization\",\"@id\":\"https:\\\/\\\/piryta.com\\\/ca\\\/#organization\",\"name\":\"Piryta\",\"url\":\"https:\\\/\\\/piryta.com\\\/ca\\\/\",\"logo\":{\"@type\":\"ImageObject\",\"inLanguage\":\"ca\",\"@id\":\"https:\\\/\\\/piryta.com\\\/ca\\\/#\\\/schema\\\/logo\\\/image\\\/\",\"url\":\"https:\\\/\\\/piryta.com\\\/wp-content\\\/uploads\\\/2024\\\/05\\\/logo-piryta.png\",\"contentUrl\":\"https:\\\/\\\/piryta.com\\\/wp-content\\\/uploads\\\/2024\\\/05\\\/logo-piryta.png\",\"width\":584,\"height\":194,\"caption\":\"Piryta\"},\"image\":{\"@id\":\"https:\\\/\\\/piryta.com\\\/ca\\\/#\\\/schema\\\/logo\\\/image\\\/\"}}]}<\/script>\n<!-- \/ Yoast SEO plugin. -->","yoast_head_json":{"title":"Av\u00eds legal - Piryta","description":"Consulteu l'av\u00eds legal de Piryta amb informaci\u00f3 sobre titularitat, propietat intel\u00b7lectual i \u00fas del lloc.","robots":{"index":"index","follow":"follow","max-snippet":"max-snippet:-1","max-image-preview":"max-image-preview:large","max-video-preview":"max-video-preview:-1"},"canonical":"https:\/\/piryta.com\/ca\/avis-legal\/","og_locale":"ca_ES","og_type":"article","og_title":"Av\u00eds legal - Piryta","og_description":"Consulteu l'av\u00eds legal de Piryta amb informaci\u00f3 sobre titularitat, propietat intel\u00b7lectual i \u00fas del lloc.","og_url":"https:\/\/piryta.com\/ca\/avis-legal\/","og_site_name":"Piryta","article_modified_time":"2025-05-14T08:33:15+00:00","og_image":[{"width":37,"height":47,"url":"https:\/\/piryta.com\/wp-content\/uploads\/2024\/05\/piryta-favicon_1.png","type":"image\/png"}],"twitter_card":"summary_large_image","twitter_misc":{"Temps estimat de lectura":"7 minuts"},"schema":{"@context":"https:\/\/schema.org","@graph":[{"@type":"WebPage","@id":"https:\/\/piryta.com\/ca\/avis-legal\/","url":"https:\/\/piryta.com\/ca\/avis-legal\/","name":"Av\u00eds legal - Piryta","isPartOf":{"@id":"https:\/\/piryta.com\/ca\/#website"},"primaryImageOfPage":{"@id":"https:\/\/piryta.com\/ca\/avis-legal\/#primaryimage"},"image":{"@id":"https:\/\/piryta.com\/ca\/avis-legal\/#primaryimage"},"thumbnailUrl":"https:\/\/piryta.com\/wp-content\/uploads\/2024\/05\/piryta-favicon_1.png","datePublished":"2024-06-03T10:49:19+00:00","dateModified":"2025-05-14T08:33:15+00:00","description":"Consulteu l'av\u00eds legal de Piryta amb informaci\u00f3 sobre titularitat, propietat intel\u00b7lectual i \u00fas del lloc.","breadcrumb":{"@id":"https:\/\/piryta.com\/ca\/avis-legal\/#breadcrumb"},"inLanguage":"ca","potentialAction":[{"@type":"ReadAction","target":["https:\/\/piryta.com\/ca\/avis-legal\/"]}]},{"@type":"ImageObject","inLanguage":"ca","@id":"https:\/\/piryta.com\/ca\/avis-legal\/#primaryimage","url":"https:\/\/piryta.com\/wp-content\/uploads\/2024\/05\/piryta-favicon_1.png","contentUrl":"https:\/\/piryta.com\/wp-content\/uploads\/2024\/05\/piryta-favicon_1.png","width":37,"height":47},{"@type":"BreadcrumbList","@id":"https:\/\/piryta.com\/ca\/avis-legal\/#breadcrumb","itemListElement":[{"@type":"ListItem","position":1,"name":"Inici","item":"https:\/\/piryta.com\/ca\/"},{"@type":"ListItem","position":2,"name":"Av\u00eds legal"}]},{"@type":"WebSite","@id":"https:\/\/piryta.com\/ca\/#website","url":"https:\/\/piryta.com\/ca\/","name":"Piryta","description":"Materiales de por vida. Suelos y paredes","publisher":{"@id":"https:\/\/piryta.com\/ca\/#organization"},"potentialAction":[{"@type":"SearchAction","target":{"@type":"EntryPoint","urlTemplate":"https:\/\/piryta.com\/ca\/?s={search_term_string}"},"query-input":{"@type":"PropertyValueSpecification","valueRequired":true,"valueName":"search_term_string"}}],"inLanguage":"ca"},{"@type":"Organization","@id":"https:\/\/piryta.com\/ca\/#organization","name":"Piryta","url":"https:\/\/piryta.com\/ca\/","logo":{"@type":"ImageObject","inLanguage":"ca","@id":"https:\/\/piryta.com\/ca\/#\/schema\/logo\/image\/","url":"https:\/\/piryta.com\/wp-content\/uploads\/2024\/05\/logo-piryta.png","contentUrl":"https:\/\/piryta.com\/wp-content\/uploads\/2024\/05\/logo-piryta.png","width":584,"height":194,"caption":"Piryta"},"image":{"@id":"https:\/\/piryta.com\/ca\/#\/schema\/logo\/image\/"}}]}},"_links":{"self":[{"href":"https:\/\/piryta.com\/ca\/wp-json\/wp\/v2\/pages\/548","targetHints":{"allow":["GET"]}}],"collection":[{"href":"https:\/\/piryta.com\/ca\/wp-json\/wp\/v2\/pages"}],"about":[{"href":"https:\/\/piryta.com\/ca\/wp-json\/wp\/v2\/types\/page"}],"author":[{"embeddable":true,"href":"https:\/\/piryta.com\/ca\/wp-json\/wp\/v2\/users\/1"}],"replies":[{"embeddable":true,"href":"https:\/\/piryta.com\/ca\/wp-json\/wp\/v2\/comments?post=548"}],"version-history":[{"count":2,"href":"https:\/\/piryta.com\/ca\/wp-json\/wp\/v2\/pages\/548\/revisions"}],"predecessor-version":[{"id":703,"href":"https:\/\/piryta.com\/ca\/wp-json\/wp\/v2\/pages\/548\/revisions\/703"}],"wp:featuredmedia":[{"embeddable":true,"href":"https:\/\/piryta.com\/ca\/wp-json\/wp\/v2\/media\/492"}],"wp:attachment":[{"href":"https:\/\/piryta.com\/ca\/wp-json\/wp\/v2\/media?parent=548"}],"curies":[{"name":"wp","href":"https:\/\/api.w.org\/{rel}","templated":true}]}}