{"id":550,"date":"2024-06-03T12:54:18","date_gmt":"2024-06-03T10:54:18","guid":{"rendered":"https:\/\/piryta.com\/politica-de-privadesa\/"},"modified":"2025-05-14T10:17:18","modified_gmt":"2025-05-14T08:17:18","slug":"politica-de-privadesa","status":"publish","type":"page","link":"https:\/\/piryta.com\/ca\/politica-de-privadesa\/","title":{"rendered":"Pol\u00edtica de privadesa"},"content":{"rendered":"\t\t<div data-elementor-type=\"wp-page\" data-elementor-id=\"550\" class=\"elementor elementor-550 elementor-451\" data-elementor-post-type=\"page\">\n\t\t\t\t<div class=\"elementor-element elementor-element-2fc6a15 e-flex e-con-boxed e-con e-parent\" data-id=\"2fc6a15\" data-element_type=\"container\" data-e-type=\"container\">\n\t\t\t\t\t<div class=\"e-con-inner\">\n\t\t\t\t<div class=\"elementor-element elementor-element-5eccd03 elementor-widget elementor-widget-heading\" data-id=\"5eccd03\" data-element_type=\"widget\" data-e-type=\"widget\" data-widget_type=\"heading.default\">\n\t\t\t\t<div class=\"elementor-widget-container\">\n\t\t\t\t\t<h2 class=\"elementor-heading-title elementor-size-default\">POL\u00cdTICA DE PRIVACITAT.<\/h2>\t\t\t\t<\/div>\n\t\t\t\t<\/div>\n\t\t\t\t<div class=\"elementor-element elementor-element-58fb887 elementor-widget elementor-widget-text-editor\" data-id=\"58fb887\" data-element_type=\"widget\" data-e-type=\"widget\" data-widget_type=\"text-editor.default\">\n\t\t\t\t<div class=\"elementor-widget-container\">\n\t\t\t\t\t\t\t\t\t<p>Amb la finalitat de donar en compliment de larticle 10 de la Llei 34\/2002 de Serveis de la Societat de la Informaci\u00f3 i Comer\u00e7 Electr\u00f2nic, informem a lusuari de les nostres dades de contacte:<\/p><p><u>Nom comercial<\/u> : PIRYTA<\/p><p><u>Tel\u00e8fon<\/u> : 937 64 25 85<\/p><p><u>Email<\/u> : info@piryta.com<\/p><p><u>P\u00e0gina web<\/u> : www.piryta.cat<\/p><p style=\"caret-color: #000000; color: #000000;\"><b>1. RESPONSABLE DEL TRACTAMENT<\/b><\/p><p style=\"caret-color: #000000; color: #000000;\">PIRYTA (d&#8217;ara endavant, el \u201cResponsable\u201d).<\/p><p style=\"caret-color: #000000; color: #000000;\">1.1. Normativa aplicable  <\/p><p style=\"caret-color: #000000; color: #000000;\">La nostra Pol\u00edtica de Privadesa s&#8217;ha dissenyat d&#8217;acord amb el Reglament General de Protecci\u00f3 de Dades de la UE 2016\/679 del Parlament Europeu i del Consell, de 27 d&#8217;abril de 2016, relatiu a la protecci\u00f3 de les persones f\u00edsiques pel que fa al tractament de dades personals ia la lliure circulaci\u00f3 d&#8217;aquestes dades i pel qual es deroga la Directiva 95\/46\/CE (Reglament general de protecci\u00f3 de dades), i la Llei org\u00e0nica 3\/2018 de 5 de desembre, de protecci\u00f3 de dades Car\u00e0cter Personal i Garantia dels Drets Digitals.  <\/p><p style=\"caret-color: #000000; color: #000000;\">En facilitar-nos les vostres dades, declara haver llegit i con\u00e8ixer la present Pol\u00edtica de Privadesa, prestant el vostre consentiment inequ\u00edvoc i expr\u00e9s al tractament de les vostres dades personals d&#8217;acord amb els fins i els termes aqu\u00ed expressats.  <\/p><p style=\"caret-color: #000000; color: #000000;\">L&#8217;Empresa podr\u00e0 modificar aquesta Pol\u00edtica de Privadesa per adaptar-la a les novetats legislatives, jurisprudencials o d&#8217;interpretaci\u00f3 de l&#8217;Ag\u00e8ncia Espanyola de Protecci\u00f3 de Dades. Aquestes condicions de privadesa podran ser complementades per l&#8217;Av\u00eds Legal, Pol\u00edtica de Cookies i les Condicions Generals que, si escau, es recullin per a determinats productes o serveis si aquest acc\u00e9s suposa alguna especialitat en mat\u00e8ria de protecci\u00f3 de dades de car\u00e0cter personal.  <\/p><p style=\"caret-color: #000000; color: #000000;\">1.2. Responsable de protecci\u00f3 de dades  <\/p><p style=\"caret-color: #000000; color: #000000;\">PIRYTA.<\/p><p style=\"caret-color: #000000; color: #000000;\"> <\/p><p style=\"caret-color: #000000; color: #000000;\"> <\/p><p style=\"caret-color: #000000; color: #000000;\"><b>2. FINALITAT DEL TRACTAMENT DE LES DADES PERSONALS  <\/b><\/p><p style=\"caret-color: #000000; color: #000000;\">El tractament que realitzem de les vostres dades personals respon a les seg\u00fcents finalitats:  <\/p><ul style=\"font-size: 16px; background-color: #ffffff; caret-color: #000000; color: #000000;\"><li style=\"font-size: 16px; background-color: #ffffff;\">Proporcionar informaci\u00f3 relacionada amb els productes i serveis que ofereix la nostra empresa i que detallen en aquest lloc web.<\/li><li style=\"font-size: 16px; background-color: #ffffff;\">Realitzar la contractaci\u00f3 dels nostres serveis mitjan\u00e7ant l&#8217;acceptaci\u00f3 del corresponent pressupost\/comanda i\/o la signatura d&#8217;un contracte mercantil.  <\/li><li style=\"font-size: 16px; background-color: #ffffff;\">Enviar per correu electr\u00f2nic i\/o postal les not\u00edcies i novetats sobre la nostra entitat, aix\u00ed com les actualitzacions del nostre cat\u00e0leg de productes i serveis.<\/li><\/ul><p style=\"caret-color: #000000; color: #000000;\"><span style=\"font-family: var( --e-global-typography-text-font-family ), Sans-serif; font-size: 1rem;\">2.1. Termini de Conservaci\u00f3 de les vostres dades  <\/span><\/p><p style=\"caret-color: #000000; color: #000000;\">Conservarem les vostres dades personals des que ens doneu el vostre consentiment fins que ho revoqui o sol\u00b7licite la limitaci\u00f3 del tractament. En aquests casos, mantindrem les vostres dades de forma bloquejada durant els terminis legalment exigits.  <\/p><p style=\"caret-color: #000000; color: #000000;\"> <\/p><p style=\"caret-color: #000000; color: #000000;\"> <\/p><p style=\"caret-color: #000000; color: #000000;\"><b>3. LEGITIMACI\u00d3 I DADES RECAPTADES  <\/b><\/p><p style=\"caret-color: #000000; color: #000000;\">La legitimaci\u00f3 per al tractament de les vostres dades \u00e9s el consentiment expr\u00e9s atorgat mitjan\u00e7ant un acte positiu i afirmatiu (emplenar el formulari corresponent i marcar la casella d&#8217;acceptaci\u00f3 d&#8217;aquesta pol\u00edtica) en el moment de facilitar-nos les vostres dades personals.  <\/p><p style=\"caret-color: #000000; color: #000000;\">3.1. Consentiment per tractar les vostres dades  <\/p><p style=\"caret-color: #000000; color: #000000;\">En emplenar els formularis, marcar la casella \u201cAccepto la Pol\u00edtica de Privadesa\u201d i fer clic per enviar les dades, o en remetre correus electr\u00f2nics a l&#8217;Empresa a trav\u00e9s dels comptes habilitats a aquest efecte, l&#8217;Usuari manifesta haver llegit i acceptat expressament la present pol\u00edtica de privadesa, atorgant el seu consentiment inequ\u00edvoc i expr\u00e9s al tractament de les seves dades personals d&#8217;acord amb els fins indicats.  <\/p><p style=\"caret-color: #000000; color: #000000;\">3.2. Categories de dades  <\/p><p style=\"caret-color: #000000; color: #000000;\">3.2. Categories de Les dades que es demanen es refereixen a la categoria de dades identificatives, com poden ser: Nom i Cognoms, Tel\u00e8fon, Adre\u00e7a Postal, Empresa, Correu electr\u00f2nic, aix\u00ed com l&#8217;adre\u00e7a IP des d&#8217;on accedeix al formulari de recollida de dades.<\/p><p style=\"caret-color: #000000; color: #000000;\"> <\/p><p style=\"caret-color: #000000; color: #000000;\"> <\/p><p style=\"caret-color: #000000; color: #000000;\"><b>4. MESURES DE SEGURETAT  <\/b><\/p><p style=\"caret-color: #000000; color: #000000;\">Dins del nostre comprom\u00eds per garantir la seguretat i confidencialitat de les vostres dades de car\u00e0cter personal, us informem que s&#8217;han adoptat les mesures d&#8217;\u00edndole t\u00e8cnica i organitzatives necess\u00e0ries per garantir la seguretat de les dades de car\u00e0cter personal i evitar la vostra alteraci\u00f3, p\u00e8rdua, tractament o acc\u00e9s no autoritzat, tenint en compte de l&#8217;estat de la tecnologia, la naturalesa de les dades emmagatzemades i els riscos a qu\u00e8 estiguin exposats, segons l&#8217;art. 32 del RGPD EU 679\/2016.  <\/p><p style=\"caret-color: #000000; color: #000000;\"> <\/p><p style=\"caret-color: #000000; color: #000000;\"> <\/p><p style=\"caret-color: #000000; color: #000000;\"><b>5. CESSI\u00d3 DE DADES<\/b> <\/p><p style=\"caret-color: #000000; color: #000000;\">No es preveuen cessions de dades ni transfer\u00e8ncies internacionals de les seves dades, a excepci\u00f3 de les autoritzades per la legislaci\u00f3 fiscal, mercantil i de telecomunicacions, aix\u00ed com en aquells casos en qu\u00e8 una autoritat judicial ens ho requereixi.<\/p><p style=\"caret-color: #000000; color: #000000;\"> <\/p><p style=\"caret-color: #000000; color: #000000;\"> <\/p><p style=\"caret-color: #000000; color: #000000;\"><b>6. DRETS DE L&#8217;USUARI  <\/b><\/p><p style=\"caret-color: #000000; color: #000000;\">Qualsevol interessat t\u00e9 dret a obtenir confirmaci\u00f3 sobre si estem tractant dades personals que li concerneixin, o no. Els interessats tenen dret a accedir a les seves dades personals, aix\u00ed com a sol\u00b7licitar la rectificaci\u00f3 de les dades inexactes o, si escau, sol\u00b7licitar-ne la supressi\u00f3 quan, entre altres motius, les dades ja no siguin necess\u00e0ries per als fins que van ser recollides. En determinades circumst\u00e0ncies, els interessats podran sol\u00b7licitar la limitaci\u00f3 del tractament de les seves dades, cas en qu\u00e8 \u00fanicament les conservarem per a l&#8217;exercici o la defensa de reclamacions. Per motius relacionats amb la seva situaci\u00f3 particular, els interessats podran oposar-se al tractament de les dades. El Responsable del fitxer deixar\u00e0 de tractar les dades, excepte per motius leg\u00edtims imperiosos, o l&#8217;exercici o la defensa de possibles reclamacions.  <\/p><p style=\"caret-color: #000000; color: #000000;\">D&#8217;acord amb la legislaci\u00f3 vigent t\u00e9 els drets seg\u00fcents: dret a sol\u00b7licitar l&#8217;acc\u00e9s a les seves dades personals, dret a sol\u00b7licitar-ne la rectificaci\u00f3 o supressi\u00f3, dret a sol\u00b7licitar la limitaci\u00f3 del tractament, dret a oposar-se al tractament, dret a la portabilitat dels dades i aix\u00ed mateix, a revocar el consentiment atorgat. Aix\u00ed mateix, tindr\u00e0 dret a presentar una reclamaci\u00f3 davant de l&#8217;Ag\u00e8ncia Espanyola de Protecci\u00f3 de Dades.  <\/p><p style=\"caret-color: #000000; color: #000000;\">6.1. Com exercitar els meus drets?  <\/p><p style=\"caret-color: #000000; color: #000000;\">Per exercir els vostres drets, heu d&#8217;adre\u00e7ar-vos al responsable, sol\u00b7licitant el corresponent formulari per a l&#8217;exercici del dret triat. Opcionalment, podeu acudir a l&#8217;Autoritat de Control competent per obtenir informaci\u00f3 addicional sobre els vostres drets. Les dades de contacte per a l&#8217;exercici dels vostres drets s\u00f3n el tel\u00e8fon 653 841 001 i el correu electr\u00f2nic: foster@foster.cat. Recordeu acompanyar una c\u00f2pia d&#8217;un document que ens permeti identificar-vos.  <\/p><p style=\"caret-color: #000000; color: #000000;\"> <\/p><p style=\"caret-color: #000000; color: #000000;\"> <\/p><p style=\"caret-color: #000000; color: #000000;\"><b>7. CONSENTIMENT PER ENVIAMENT DE COMUNICACIONS ELECTR\u00d2NIQUES<\/b><\/p><p style=\"caret-color: #000000; color: #000000;\">Aix\u00ed mateix, i d&#8217;acord amb el que estableix la Llei 34\/2002, d&#8217;11 de juliol, de serveis de la societat de la informaci\u00f3 i del comer\u00e7 electr\u00f2nic, completant el formulari de recollida de dades i marcant la corresponent casella \u00abAccepto\u00bb est\u00e0 atorgant el consentiment expr\u00e9s per enviar-lo a la seva adre\u00e7a de correu electr\u00f2nic, tel\u00e8fon, fax o altre mitj\u00e0 electr\u00f2nic enviament dinformaci\u00f3 sobre lEmpresa.<\/p>\t\t\t\t\t\t\t\t<\/div>\n\t\t\t\t<\/div>\n\t\t\t\t\t<\/div>\n\t\t\t\t<\/div>\n\t\t\t\t<\/div>\n\t\t","protected":false},"excerpt":{"rendered":"<p>POL\u00cdTICA DE PRIVACITAT. Amb la finalitat de donar en compliment de larticle 10 de la Llei 34\/2002 de Serveis de la Societat de la Informaci\u00f3 i Comer\u00e7 Electr\u00f2nic, informem a lusuari de les nostres dades de contacte: Nom comercial : PIRYTA Tel\u00e8fon : 937 64 25 85 Email : info@piryta.com P\u00e0gina web : www.piryta.cat 1. [&hellip;]<\/p>\n","protected":false},"author":1,"featured_media":492,"parent":0,"menu_order":0,"comment_status":"closed","ping_status":"closed","template":"","meta":{"footnotes":""},"class_list":["post-550","page","type-page","status-publish","has-post-thumbnail","hentry"],"yoast_head":"<!-- This site is optimized with the Yoast SEO plugin v27.4 - https:\/\/yoast.com\/product\/yoast-seo-wordpress\/ -->\n<title>Pol\u00edtica de privadesa - Piryta<\/title>\n<meta name=\"description\" content=\"Consulta la pol\u00edtica de privadesa de Piryta i descobreix com recollim, fem servir i protegim les teves dades personals segons el RGPD.\" \/>\n<meta name=\"robots\" content=\"index, follow, max-snippet:-1, max-image-preview:large, max-video-preview:-1\" \/>\n<link rel=\"canonical\" href=\"https:\/\/piryta.com\/ca\/politica-de-privadesa\/\" \/>\n<meta property=\"og:locale\" content=\"ca_ES\" \/>\n<meta property=\"og:type\" content=\"article\" \/>\n<meta property=\"og:title\" content=\"Pol\u00edtica de privadesa - Piryta\" \/>\n<meta property=\"og:description\" content=\"Consulta la pol\u00edtica de privadesa de Piryta i descobreix com recollim, fem servir i protegim les teves dades personals segons el RGPD.\" \/>\n<meta property=\"og:url\" content=\"https:\/\/piryta.com\/ca\/politica-de-privadesa\/\" \/>\n<meta property=\"og:site_name\" content=\"Piryta\" \/>\n<meta property=\"article:modified_time\" content=\"2025-05-14T08:17:18+00:00\" \/>\n<meta property=\"og:image\" content=\"https:\/\/piryta.com\/wp-content\/uploads\/2024\/05\/piryta-favicon_1.png\" \/>\n\t<meta property=\"og:image:width\" content=\"37\" \/>\n\t<meta property=\"og:image:height\" content=\"47\" \/>\n\t<meta property=\"og:image:type\" content=\"image\/png\" \/>\n<meta name=\"twitter:card\" content=\"summary_large_image\" \/>\n<meta name=\"twitter:label1\" content=\"Temps estimat de lectura\" \/>\n\t<meta name=\"twitter:data1\" content=\"5 minuts\" \/>\n<script type=\"application\/ld+json\" class=\"yoast-schema-graph\">{\"@context\":\"https:\\\/\\\/schema.org\",\"@graph\":[{\"@type\":\"WebPage\",\"@id\":\"https:\\\/\\\/piryta.com\\\/ca\\\/politica-de-privadesa\\\/\",\"url\":\"https:\\\/\\\/piryta.com\\\/ca\\\/politica-de-privadesa\\\/\",\"name\":\"Pol\u00edtica de privadesa - Piryta\",\"isPartOf\":{\"@id\":\"https:\\\/\\\/piryta.com\\\/ca\\\/#website\"},\"primaryImageOfPage\":{\"@id\":\"https:\\\/\\\/piryta.com\\\/ca\\\/politica-de-privadesa\\\/#primaryimage\"},\"image\":{\"@id\":\"https:\\\/\\\/piryta.com\\\/ca\\\/politica-de-privadesa\\\/#primaryimage\"},\"thumbnailUrl\":\"https:\\\/\\\/piryta.com\\\/wp-content\\\/uploads\\\/2024\\\/05\\\/piryta-favicon_1.png\",\"datePublished\":\"2024-06-03T10:54:18+00:00\",\"dateModified\":\"2025-05-14T08:17:18+00:00\",\"description\":\"Consulta la pol\u00edtica de privadesa de Piryta i descobreix com recollim, fem servir i protegim les teves dades personals segons el RGPD.\",\"breadcrumb\":{\"@id\":\"https:\\\/\\\/piryta.com\\\/ca\\\/politica-de-privadesa\\\/#breadcrumb\"},\"inLanguage\":\"ca\",\"potentialAction\":[{\"@type\":\"ReadAction\",\"target\":[\"https:\\\/\\\/piryta.com\\\/ca\\\/politica-de-privadesa\\\/\"]}]},{\"@type\":\"ImageObject\",\"inLanguage\":\"ca\",\"@id\":\"https:\\\/\\\/piryta.com\\\/ca\\\/politica-de-privadesa\\\/#primaryimage\",\"url\":\"https:\\\/\\\/piryta.com\\\/wp-content\\\/uploads\\\/2024\\\/05\\\/piryta-favicon_1.png\",\"contentUrl\":\"https:\\\/\\\/piryta.com\\\/wp-content\\\/uploads\\\/2024\\\/05\\\/piryta-favicon_1.png\",\"width\":37,\"height\":47},{\"@type\":\"BreadcrumbList\",\"@id\":\"https:\\\/\\\/piryta.com\\\/ca\\\/politica-de-privadesa\\\/#breadcrumb\",\"itemListElement\":[{\"@type\":\"ListItem\",\"position\":1,\"name\":\"Inici\",\"item\":\"https:\\\/\\\/piryta.com\\\/ca\\\/\"},{\"@type\":\"ListItem\",\"position\":2,\"name\":\"Pol\u00edtica de privadesa\"}]},{\"@type\":\"WebSite\",\"@id\":\"https:\\\/\\\/piryta.com\\\/ca\\\/#website\",\"url\":\"https:\\\/\\\/piryta.com\\\/ca\\\/\",\"name\":\"Piryta\",\"description\":\"Materiales de por vida. Suelos y paredes\",\"publisher\":{\"@id\":\"https:\\\/\\\/piryta.com\\\/ca\\\/#organization\"},\"potentialAction\":[{\"@type\":\"SearchAction\",\"target\":{\"@type\":\"EntryPoint\",\"urlTemplate\":\"https:\\\/\\\/piryta.com\\\/ca\\\/?s={search_term_string}\"},\"query-input\":{\"@type\":\"PropertyValueSpecification\",\"valueRequired\":true,\"valueName\":\"search_term_string\"}}],\"inLanguage\":\"ca\"},{\"@type\":\"Organization\",\"@id\":\"https:\\\/\\\/piryta.com\\\/ca\\\/#organization\",\"name\":\"Piryta\",\"url\":\"https:\\\/\\\/piryta.com\\\/ca\\\/\",\"logo\":{\"@type\":\"ImageObject\",\"inLanguage\":\"ca\",\"@id\":\"https:\\\/\\\/piryta.com\\\/ca\\\/#\\\/schema\\\/logo\\\/image\\\/\",\"url\":\"https:\\\/\\\/piryta.com\\\/wp-content\\\/uploads\\\/2024\\\/05\\\/logo-piryta.png\",\"contentUrl\":\"https:\\\/\\\/piryta.com\\\/wp-content\\\/uploads\\\/2024\\\/05\\\/logo-piryta.png\",\"width\":584,\"height\":194,\"caption\":\"Piryta\"},\"image\":{\"@id\":\"https:\\\/\\\/piryta.com\\\/ca\\\/#\\\/schema\\\/logo\\\/image\\\/\"}}]}<\/script>\n<!-- \/ Yoast SEO plugin. -->","yoast_head_json":{"title":"Pol\u00edtica de privadesa - Piryta","description":"Consulta la pol\u00edtica de privadesa de Piryta i descobreix com recollim, fem servir i protegim les teves dades personals segons el RGPD.","robots":{"index":"index","follow":"follow","max-snippet":"max-snippet:-1","max-image-preview":"max-image-preview:large","max-video-preview":"max-video-preview:-1"},"canonical":"https:\/\/piryta.com\/ca\/politica-de-privadesa\/","og_locale":"ca_ES","og_type":"article","og_title":"Pol\u00edtica de privadesa - Piryta","og_description":"Consulta la pol\u00edtica de privadesa de Piryta i descobreix com recollim, fem servir i protegim les teves dades personals segons el RGPD.","og_url":"https:\/\/piryta.com\/ca\/politica-de-privadesa\/","og_site_name":"Piryta","article_modified_time":"2025-05-14T08:17:18+00:00","og_image":[{"width":37,"height":47,"url":"https:\/\/piryta.com\/wp-content\/uploads\/2024\/05\/piryta-favicon_1.png","type":"image\/png"}],"twitter_card":"summary_large_image","twitter_misc":{"Temps estimat de lectura":"5 minuts"},"schema":{"@context":"https:\/\/schema.org","@graph":[{"@type":"WebPage","@id":"https:\/\/piryta.com\/ca\/politica-de-privadesa\/","url":"https:\/\/piryta.com\/ca\/politica-de-privadesa\/","name":"Pol\u00edtica de privadesa - Piryta","isPartOf":{"@id":"https:\/\/piryta.com\/ca\/#website"},"primaryImageOfPage":{"@id":"https:\/\/piryta.com\/ca\/politica-de-privadesa\/#primaryimage"},"image":{"@id":"https:\/\/piryta.com\/ca\/politica-de-privadesa\/#primaryimage"},"thumbnailUrl":"https:\/\/piryta.com\/wp-content\/uploads\/2024\/05\/piryta-favicon_1.png","datePublished":"2024-06-03T10:54:18+00:00","dateModified":"2025-05-14T08:17:18+00:00","description":"Consulta la pol\u00edtica de privadesa de Piryta i descobreix com recollim, fem servir i protegim les teves dades personals segons el RGPD.","breadcrumb":{"@id":"https:\/\/piryta.com\/ca\/politica-de-privadesa\/#breadcrumb"},"inLanguage":"ca","potentialAction":[{"@type":"ReadAction","target":["https:\/\/piryta.com\/ca\/politica-de-privadesa\/"]}]},{"@type":"ImageObject","inLanguage":"ca","@id":"https:\/\/piryta.com\/ca\/politica-de-privadesa\/#primaryimage","url":"https:\/\/piryta.com\/wp-content\/uploads\/2024\/05\/piryta-favicon_1.png","contentUrl":"https:\/\/piryta.com\/wp-content\/uploads\/2024\/05\/piryta-favicon_1.png","width":37,"height":47},{"@type":"BreadcrumbList","@id":"https:\/\/piryta.com\/ca\/politica-de-privadesa\/#breadcrumb","itemListElement":[{"@type":"ListItem","position":1,"name":"Inici","item":"https:\/\/piryta.com\/ca\/"},{"@type":"ListItem","position":2,"name":"Pol\u00edtica de privadesa"}]},{"@type":"WebSite","@id":"https:\/\/piryta.com\/ca\/#website","url":"https:\/\/piryta.com\/ca\/","name":"Piryta","description":"Materiales de por vida. Suelos y paredes","publisher":{"@id":"https:\/\/piryta.com\/ca\/#organization"},"potentialAction":[{"@type":"SearchAction","target":{"@type":"EntryPoint","urlTemplate":"https:\/\/piryta.com\/ca\/?s={search_term_string}"},"query-input":{"@type":"PropertyValueSpecification","valueRequired":true,"valueName":"search_term_string"}}],"inLanguage":"ca"},{"@type":"Organization","@id":"https:\/\/piryta.com\/ca\/#organization","name":"Piryta","url":"https:\/\/piryta.com\/ca\/","logo":{"@type":"ImageObject","inLanguage":"ca","@id":"https:\/\/piryta.com\/ca\/#\/schema\/logo\/image\/","url":"https:\/\/piryta.com\/wp-content\/uploads\/2024\/05\/logo-piryta.png","contentUrl":"https:\/\/piryta.com\/wp-content\/uploads\/2024\/05\/logo-piryta.png","width":584,"height":194,"caption":"Piryta"},"image":{"@id":"https:\/\/piryta.com\/ca\/#\/schema\/logo\/image\/"}}]}},"_links":{"self":[{"href":"https:\/\/piryta.com\/ca\/wp-json\/wp\/v2\/pages\/550","targetHints":{"allow":["GET"]}}],"collection":[{"href":"https:\/\/piryta.com\/ca\/wp-json\/wp\/v2\/pages"}],"about":[{"href":"https:\/\/piryta.com\/ca\/wp-json\/wp\/v2\/types\/page"}],"author":[{"embeddable":true,"href":"https:\/\/piryta.com\/ca\/wp-json\/wp\/v2\/users\/1"}],"replies":[{"embeddable":true,"href":"https:\/\/piryta.com\/ca\/wp-json\/wp\/v2\/comments?post=550"}],"version-history":[{"count":4,"href":"https:\/\/piryta.com\/ca\/wp-json\/wp\/v2\/pages\/550\/revisions"}],"predecessor-version":[{"id":715,"href":"https:\/\/piryta.com\/ca\/wp-json\/wp\/v2\/pages\/550\/revisions\/715"}],"wp:featuredmedia":[{"embeddable":true,"href":"https:\/\/piryta.com\/ca\/wp-json\/wp\/v2\/media\/492"}],"wp:attachment":[{"href":"https:\/\/piryta.com\/ca\/wp-json\/wp\/v2\/media?parent=550"}],"curies":[{"name":"wp","href":"https:\/\/api.w.org\/{rel}","templated":true}]}}