{"id":595,"date":"2024-06-03T13:06:59","date_gmt":"2024-06-03T11:06:59","guid":{"rendered":"https:\/\/piryta.com\/politica-de-cookies\/"},"modified":"2025-05-14T10:15:58","modified_gmt":"2025-05-14T08:15:58","slug":"politica-de-cookies","status":"publish","type":"page","link":"https:\/\/piryta.com\/ca\/politica-de-cookies\/","title":{"rendered":"Pol\u00edtica de cookies"},"content":{"rendered":"\t\t<div data-elementor-type=\"wp-page\" data-elementor-id=\"595\" class=\"elementor elementor-595 elementor-465\" data-elementor-post-type=\"page\">\n\t\t\t\t<div class=\"elementor-element elementor-element-2fc6a15 e-flex e-con-boxed e-con e-parent\" data-id=\"2fc6a15\" data-element_type=\"container\" data-e-type=\"container\">\n\t\t\t\t\t<div class=\"e-con-inner\">\n\t\t\t\t<div class=\"elementor-element elementor-element-5eccd03 elementor-widget elementor-widget-heading\" data-id=\"5eccd03\" data-element_type=\"widget\" data-e-type=\"widget\" data-widget_type=\"heading.default\">\n\t\t\t\t<div class=\"elementor-widget-container\">\n\t\t\t\t\t<h2 class=\"elementor-heading-title elementor-size-default\">POL\u00cdTICA DE cookies.<\/h2>\t\t\t\t<\/div>\n\t\t\t\t<\/div>\n\t\t\t\t<div class=\"elementor-element elementor-element-58fb887 elementor-widget elementor-widget-text-editor\" data-id=\"58fb887\" data-element_type=\"widget\" data-e-type=\"widget\" data-widget_type=\"text-editor.default\">\n\t\t\t\t<div class=\"elementor-widget-container\">\n\t\t\t\t\t\t\t\t\t<p>Amb la finalitat de donar en compliment de larticle 10 de la Llei 34\/2002 de Serveis de la Societat de la Informaci\u00f3 i Comer\u00e7 Electr\u00f2nic, informem a lusuari de les nostres dades de contacte:<\/p>\n<p><u>Nom comercial<\/u> : PIRYTA<\/p>\n<p><u>Tel\u00e8fon<\/u> : 937 64 25 85<\/p>\n<p><u>Email<\/u> : info@piryta.com<\/p>\n<p><u>P\u00e0gina web<\/u> : www.piryta.cat<\/p>\n<p><font color=\"#000000\"><span style=\"caret-color: rgb(0, 0, 0);\"><b>1. ANTECEDENTS<\/b><\/span><\/font><\/p><p><font color=\"#000000\"><span style=\"caret-color: rgb(0, 0, 0);\">De conformitat amb la normativa espanyola que regula l&#8217;\u00fas de cookies en relaci\u00f3 a la prestaci\u00f3 de serveis de comunicacions electr\u00f2niques, recollida a l&#8217;article 22.2 de la Llei 34\/2002, d&#8217;11 de juliol, de serveis de la societat de la informaci\u00f3 i de comer\u00e7 electr\u00f2nic, us informem sobre les cookies utilitzades al lloc web de PIRYTA i el motiu del seu \u00fas.<\/span><\/font><\/p><p><font color=\"#000000\"><span style=\"caret-color: rgb(0, 0, 0);\"><br><\/span><\/font><\/p><p><font color=\"#000000\"><span style=\"caret-color: rgb(0, 0, 0);\"><b>2. QU\u00c8 S\u00d3N LES COOKIES?<\/b><\/span><\/font><\/p><p><font color=\"#000000\"><span style=\"caret-color: rgb(0, 0, 0);\">Una galeta \u00e9s un fitxer que es descarrega al vostre ordinador en accedir a determinades p\u00e0gines web. Les galetes permeten a una p\u00e0gina web, entre altres coses, emmagatzemar i recuperar informaci\u00f3 sobre els h\u00e0bits de navegaci\u00f3 d&#8217;un usuari o del seu equip i, depenent de la informaci\u00f3 que continguin i de la manera com utilitzi el seu equip, poden utilitzar cessament per a recon\u00e8ixer l&#8217;usuari. Les galetes s&#8217;associen \u00fanicament a un usuari an\u00f2nim i el seu ordinador o dispositiu i no proporcionen refer\u00e8ncies que permetin con\u00e8ixer les vostres dades personals.<\/span><\/font><\/p><p><font color=\"#000000\"><span style=\"caret-color: rgb(0, 0, 0);\"><br><\/span><\/font><\/p><p><font color=\"#000000\"><span style=\"caret-color: rgb(0, 0, 0);\"><b>3. TIPUS DE COOKIES<\/b><\/span><\/font><\/p><p><font color=\"#000000\"><span style=\"caret-color: rgb(0, 0, 0);\">3.1. Segons l&#8217;entitat que les gestiona<\/span><\/font><\/p><p><font color=\"#000000\"><span style=\"caret-color: rgb(0, 0, 0);\">a. Cookies pr\u00f2pies: S\u00f3n les que s&#8217;envien a l&#8217;equip terminal de l&#8217;usuari des d&#8217;un equip o domini gestionat pel mateix editor i des del qual es presta el servei sol\u00b7licitat per l&#8217;usuari.<\/span><\/font><\/p><p><font color=\"#000000\"><span style=\"caret-color: rgb(0, 0, 0);\">b. Galetes de tercers: S\u00f3n aquelles que s&#8217;envien a l&#8217;equip terminal de l&#8217;usuari des d&#8217;un equip o domini que no \u00e9s gestionat per l&#8217;editor, sin\u00f3 per una altra entitat que tracta les dades obtingudes a trav\u00e9s de les galetes.<\/span><\/font><\/p><p><font color=\"#000000\"><span style=\"caret-color: rgb(0, 0, 0);\"><br><\/span><\/font><\/p><p><font color=\"#000000\"><span style=\"caret-color: rgb(0, 0, 0);\">3.2. Segons la finalitat<\/span><\/font><\/p><p><font color=\"#000000\"><span style=\"caret-color: rgb(0, 0, 0);\">Hi ha moltes finalitats per a l&#8217;\u00fas de galetes. Segons la finalitat per a la qual es tractin les dades obtingudes a trav\u00e9s de les galetes, algunes de les finalitats poden ser:<\/span><\/font><\/p><p><font color=\"#000000\"><span style=\"caret-color: rgb(0, 0, 0);\">a) Cookies t\u00e8cniques: s\u00f3n aquelles que permeten a l&#8217;usuari la navegaci\u00f3 a trav\u00e9s d&#8217;una p\u00e0gina web, plataforma o aplicaci\u00f3 i la utilitzaci\u00f3 de les diferents opcions o serveis que hi hagi, incloent-hi aquelles que l&#8217;editor utilitza per a permetre la gesti\u00f3 i operativa de la p\u00e0gina web i habilitar les seves funcions i serveis, com ara controlar el tr\u00e0nsit i la comunicaci\u00f3 de dades, identificar la sessi\u00f3, accedir a parts d&#8217;acc\u00e9s restringit, recordar els elements que integren una comanda, realitzar el proc\u00e9s de compra de una comanda, gestionar el pagament, controlar el frau vinculat a la seguretat del servei, fer la sol\u00b7licitud d&#8217;inscripci\u00f3 o participaci\u00f3 en un esdeveniment, comptar visites a efectes de la facturaci\u00f3 de llic\u00e8ncies del programari amb qu\u00e8 funciona el servei (lloc web, plataforma o aplicaci\u00f3), utilitzar elements de seguretat durant la navegaci\u00f3, emmagatzemar continguts per a la difusi\u00f3 de v\u00eddeos o so, habilitar continguts din\u00e0mics (per exemple, animaci\u00f3 de c\u00e0rrega dun text o imatge) o compartir continguts a trav\u00e9s de xarxes socials.<\/span><\/font><\/p><p><font color=\"#000000\"><span style=\"caret-color: rgb(0, 0, 0);\">Les galetes t\u00e8cniques estaran exceptuades del compliment de les obligacions establertes a l&#8217;article 22.2 de la LSSI quan permetin prestar el servei sol\u00b7licitat per l&#8217;usuari, com passa en el cas de les galetes enumerades en els par\u00e0grafs anteriors. No obstant aix\u00f2, si aquestes galetes s&#8217;utilitzen tamb\u00e9 per a fins no exempts (per exemple, per a fins publicitaris comportamentals), quedaran subjectes a aquestes obligacions.<\/span><\/font><\/p><p><font color=\"#000000\"><span style=\"caret-color: rgb(0, 0, 0);\">b) Galetes de prefer\u00e8ncies o personalitzaci\u00f3: s\u00f3n aquelles que permeten recordar informaci\u00f3 perqu\u00e8 l&#8217;usuari accedeixi al servei amb determinades caracter\u00edstiques que poden diferenciar la seva experi\u00e8ncia de la d&#8217;altres usuaris, com ara l&#8217;idioma, el nombre de resultats que cal mostrar quan l&#8217;usuari fa una cerca, aspecte o contingut del servei en funci\u00f3 del tipus de navegador a trav\u00e9s del qual l&#8217;usuari accedeix al servei o de la regi\u00f3 des d&#8217;on accedeix al servei, etc.<\/span><\/font><\/p><p><font color=\"#000000\"><span style=\"caret-color: rgb(0, 0, 0);\">Si sou el mateix usuari qui escolliu aquestes caracter\u00edstiques (per exemple, si seleccioneu l&#8217;idioma d&#8217;un lloc web clicant a la icona de la bandera del pa\u00eds corresponent), les cookies estaran exceptuades de les obligacions de l&#8217;article 22.2 de la LSSI per considerar-se un servei expressament sol\u00b7licitat per l&#8217;usuari, i aix\u00f2 sempre que les galetes obeeixin exclusivament a la finalitat seleccionada.<\/span><\/font><\/p><p><font color=\"#000000\"><span style=\"caret-color: rgb(0, 0, 0);\">c) Galetes d&#8217;an\u00e0lisi o mesurament: s\u00f3n aquelles que permeten al responsable d&#8217;aquestes el seguiment i l&#8217;an\u00e0lisi del comportament dels usuaris dels llocs web als quals estan vinculades, inclosa la quantificaci\u00f3 dels impactes dels anuncis. La informaci\u00f3 recollida mitjan\u00e7ant aquest tipus de galetes s&#8217;utilitza en el mesurament de l&#8217;activitat dels llocs web, aplicaci\u00f3 o plataforma, per introduir millores en funci\u00f3 de l&#8217;an\u00e0lisi de les dades d&#8217;\u00fas que fan els usuaris del servei.<\/span><\/font><\/p><p><font color=\"#000000\"><span style=\"caret-color: rgb(0, 0, 0);\">d) Cookies de publicitat comportamental: s\u00f3n aquelles que emmagatzemen informaci\u00f3 del comportament dels usuaris obtinguda a trav\u00e9s de l&#8217;observaci\u00f3 continuada dels seus h\u00e0bits de navegaci\u00f3, cosa que permet desenvolupar un perfil espec\u00edfic per mostrar publicitat en funci\u00f3 del mateix.<\/span><\/font><\/p><p><span style=\"caret-color: rgb(0, 0, 0); color: rgb(0, 0, 0); font-family: var( --e-global-typography-text-font-family ), Sans-serif; font-size: var( --e-global-typography-text-font-size );\"><br><\/span><\/p><p><span style=\"caret-color: rgb(0, 0, 0); color: rgb(0, 0, 0); font-family: var( --e-global-typography-text-font-family ), Sans-serif; font-size: var( --e-global-typography-text-font-size );\">3.3. Segons el termini de temps que romanen activades<\/span><\/p><p><font color=\"#000000\"><span style=\"caret-color: rgb(0, 0, 0);\">a) Cookies de sessi\u00f3: s\u00f3n aquelles dissenyades per demanar i emmagatzemar dades mentre l&#8217;usuari accedeix a una p\u00e0gina web. Se solen utilitzar per emmagatzemar informaci\u00f3 que nom\u00e9s interessa conservar per a la prestaci\u00f3 del servei sol\u00b7licitat per l&#8217;usuari en una sola ocasi\u00f3 (per exemple, una llista de productes adquirits) i desapareixen en finalitzar la sessi\u00f3.<\/span><\/font><\/p><p><font color=\"#000000\"><span style=\"caret-color: rgb(0, 0, 0);\">b) Cookies persistents: s\u00f3n aquelles en qu\u00e8 les dades segueixen emmagatzemades al terminal i poden ser accedides i tractades durant un per\u00edode definit pel responsable de la galeta, i que pot anar d&#8217;uns minuts a diversos anys.<\/span><\/font><\/p><p><font color=\"#000000\"><span style=\"caret-color: rgb(0, 0, 0);\"><br><\/span><\/font><\/p><p><font color=\"#000000\"><span style=\"caret-color: rgb(0, 0, 0);\"><b>4. LLISTAT DE COOKIES UTILITZADES PER AQUEST LLOC WEB<\/b><\/span><\/font><\/p><p><font color=\"#000000\"><span style=\"caret-color: rgb(0, 0, 0);\">La utilitzaci\u00f3 de les galetes ofereix avantatges en la prestaci\u00f3 de serveis dins del que es coneix com la societat de la informaci\u00f3, ja que facilita a l&#8217;usuari la navegaci\u00f3 i l&#8217;acc\u00e9s als diferents serveis que ofereix aquest lloc web; evita a l&#8217;usuari haver de configurar les caracter\u00edstiques generals predefinides cada cop que accedeix al lloc web; afavoreix la millora del funcionament i dels serveis prestats a trav\u00e9s d&#8217;aquest lloc web, despr\u00e9s de la corresponent an\u00e0lisi de la informaci\u00f3 obtinguda a trav\u00e9s de les cookies instal\u00b7lades.<\/span><\/font><\/p><p><font color=\"#000000\"><span style=\"caret-color: rgb(0, 0, 0);\"><br><\/span><\/font><\/p><p><font color=\"#000000\"><span style=\"caret-color: rgb(0, 0, 0);\"><b>5. REVOCACI\u00d3 I ELIMINACI\u00d3 DE COOKIES<\/b><\/span><\/font><\/p><p><font color=\"#000000\"><span style=\"caret-color: rgb(0, 0, 0);\">En tot moment podr\u00e0 accedir a la configuraci\u00f3 del seu navegador acceptant o rebutjant totes les cookies, o b\u00e9 seleccionar aquelles la instal\u00b7laci\u00f3 de les quals admet i quines no, seguint els procediments propis del navegador que utilitzi.<\/span><\/font><\/p><p><font color=\"#000000\"><span style=\"caret-color: rgb(0, 0, 0);\"><br><\/span><\/font><\/p><p><font color=\"#000000\"><span style=\"caret-color: rgb(0, 0, 0);\"><b>6. TERCERS PRESTADORS DE SERVEIS<\/b><\/span><\/font><\/p><p><font color=\"#000000\"><span style=\"caret-color: rgb(0, 0, 0);\">Els tercers prestadors de serveis amb qu\u00e8 hem contractat algun servei per al qual \u00e9s necessari la utilitzaci\u00f3 de cookies s\u00f3n els que es llisten a continuaci\u00f3:<\/span><\/font><\/p><p><font color=\"#000000\"><span style=\"caret-color: rgb(0, 0, 0);\"><br><\/span><\/font><\/p><p><font color=\"#000000\"><span style=\"caret-color: rgb(0, 0, 0);\">Prove\u00efdor:<\/span><\/font><\/p><p><font color=\"#000000\"><span style=\"caret-color: rgb(0, 0, 0);\">GOOGLE INC<\/span><\/font><\/p><p><font color=\"#000000\"><span style=\"caret-color: rgb(0, 0, 0);\">Finalitat del servei i de les cookies:<\/span><\/font><\/p><p><font color=\"#000000\"><span style=\"caret-color: rgb(0, 0, 0);\">An\u00e0lisi estad\u00edstica del lloc web a nivell de comptabilitzaci\u00f3 de visitants, p\u00e0gines visitades, paraules clau utilitzades i similars<\/span><\/font><\/p><p><font color=\"#000000\"><span style=\"caret-color: rgb(0, 0, 0);\">Informaci\u00f3 del prove\u00efdor:<\/span><\/font><\/p><p><font color=\"#000000\"><span style=\"caret-color: rgb(0, 0, 0);\">http:\/\/www.google.es\/intl\/es\/policies\/privacy\/<\/span><\/font><\/p>\t\t\t\t\t\t\t\t<\/div>\n\t\t\t\t<\/div>\n\t\t\t\t\t<\/div>\n\t\t\t\t<\/div>\n\t\t\t\t<\/div>\n\t\t","protected":false},"excerpt":{"rendered":"<p>POL\u00cdTICA DE cookies. Amb la finalitat de donar en compliment de larticle 10 de la Llei 34\/2002 de Serveis de la Societat de la Informaci\u00f3 i Comer\u00e7 Electr\u00f2nic, informem a lusuari de les nostres dades de contacte: Nom comercial : PIRYTA Tel\u00e8fon : 937 64 25 85 Email : info@piryta.com P\u00e0gina web : www.piryta.cat 1. [&hellip;]<\/p>\n","protected":false},"author":1,"featured_media":492,"parent":0,"menu_order":0,"comment_status":"closed","ping_status":"closed","template":"","meta":{"footnotes":""},"class_list":["post-595","page","type-page","status-publish","has-post-thumbnail","hentry"],"yoast_head":"<!-- This site is optimized with the Yoast SEO plugin v27.4 - https:\/\/yoast.com\/product\/yoast-seo-wordpress\/ -->\n<title>Pol\u00edtica de cookies - Piryta<\/title>\n<meta name=\"description\" content=\"Consulta la pol\u00edtica de cookies de Piryta i descobreix com fem servir cookies per millorar la teva experi\u00e8ncia de navegaci\u00f3 a la nostra web.\" \/>\n<meta name=\"robots\" content=\"index, follow, max-snippet:-1, max-image-preview:large, max-video-preview:-1\" \/>\n<link rel=\"canonical\" href=\"https:\/\/piryta.com\/ca\/politica-de-cookies\/\" \/>\n<meta property=\"og:locale\" content=\"ca_ES\" \/>\n<meta property=\"og:type\" content=\"article\" \/>\n<meta property=\"og:title\" content=\"Pol\u00edtica de cookies - Piryta\" \/>\n<meta property=\"og:description\" content=\"Consulta la pol\u00edtica de cookies de Piryta i descobreix com fem servir cookies per millorar la teva experi\u00e8ncia de navegaci\u00f3 a la nostra web.\" \/>\n<meta property=\"og:url\" content=\"https:\/\/piryta.com\/ca\/politica-de-cookies\/\" \/>\n<meta property=\"og:site_name\" content=\"Piryta\" \/>\n<meta property=\"article:modified_time\" content=\"2025-05-14T08:15:58+00:00\" \/>\n<meta property=\"og:image\" content=\"https:\/\/piryta.com\/wp-content\/uploads\/2024\/05\/piryta-favicon_1.png\" \/>\n\t<meta property=\"og:image:width\" content=\"37\" \/>\n\t<meta property=\"og:image:height\" content=\"47\" \/>\n\t<meta property=\"og:image:type\" content=\"image\/png\" \/>\n<meta name=\"twitter:card\" content=\"summary_large_image\" \/>\n<meta name=\"twitter:label1\" content=\"Temps estimat de lectura\" \/>\n\t<meta name=\"twitter:data1\" content=\"6 minuts\" \/>\n<script type=\"application\/ld+json\" class=\"yoast-schema-graph\">{\"@context\":\"https:\\\/\\\/schema.org\",\"@graph\":[{\"@type\":\"WebPage\",\"@id\":\"https:\\\/\\\/piryta.com\\\/ca\\\/politica-de-cookies\\\/\",\"url\":\"https:\\\/\\\/piryta.com\\\/ca\\\/politica-de-cookies\\\/\",\"name\":\"Pol\u00edtica de cookies - Piryta\",\"isPartOf\":{\"@id\":\"https:\\\/\\\/piryta.com\\\/ca\\\/#website\"},\"primaryImageOfPage\":{\"@id\":\"https:\\\/\\\/piryta.com\\\/ca\\\/politica-de-cookies\\\/#primaryimage\"},\"image\":{\"@id\":\"https:\\\/\\\/piryta.com\\\/ca\\\/politica-de-cookies\\\/#primaryimage\"},\"thumbnailUrl\":\"https:\\\/\\\/piryta.com\\\/wp-content\\\/uploads\\\/2024\\\/05\\\/piryta-favicon_1.png\",\"datePublished\":\"2024-06-03T11:06:59+00:00\",\"dateModified\":\"2025-05-14T08:15:58+00:00\",\"description\":\"Consulta la pol\u00edtica de cookies de Piryta i descobreix com fem servir cookies per millorar la teva experi\u00e8ncia de navegaci\u00f3 a la nostra web.\",\"breadcrumb\":{\"@id\":\"https:\\\/\\\/piryta.com\\\/ca\\\/politica-de-cookies\\\/#breadcrumb\"},\"inLanguage\":\"ca\",\"potentialAction\":[{\"@type\":\"ReadAction\",\"target\":[\"https:\\\/\\\/piryta.com\\\/ca\\\/politica-de-cookies\\\/\"]}]},{\"@type\":\"ImageObject\",\"inLanguage\":\"ca\",\"@id\":\"https:\\\/\\\/piryta.com\\\/ca\\\/politica-de-cookies\\\/#primaryimage\",\"url\":\"https:\\\/\\\/piryta.com\\\/wp-content\\\/uploads\\\/2024\\\/05\\\/piryta-favicon_1.png\",\"contentUrl\":\"https:\\\/\\\/piryta.com\\\/wp-content\\\/uploads\\\/2024\\\/05\\\/piryta-favicon_1.png\",\"width\":37,\"height\":47},{\"@type\":\"BreadcrumbList\",\"@id\":\"https:\\\/\\\/piryta.com\\\/ca\\\/politica-de-cookies\\\/#breadcrumb\",\"itemListElement\":[{\"@type\":\"ListItem\",\"position\":1,\"name\":\"Inici\",\"item\":\"https:\\\/\\\/piryta.com\\\/ca\\\/\"},{\"@type\":\"ListItem\",\"position\":2,\"name\":\"Pol\u00edtica de cookies\"}]},{\"@type\":\"WebSite\",\"@id\":\"https:\\\/\\\/piryta.com\\\/ca\\\/#website\",\"url\":\"https:\\\/\\\/piryta.com\\\/ca\\\/\",\"name\":\"Piryta\",\"description\":\"Materiales de por vida. Suelos y paredes\",\"publisher\":{\"@id\":\"https:\\\/\\\/piryta.com\\\/ca\\\/#organization\"},\"potentialAction\":[{\"@type\":\"SearchAction\",\"target\":{\"@type\":\"EntryPoint\",\"urlTemplate\":\"https:\\\/\\\/piryta.com\\\/ca\\\/?s={search_term_string}\"},\"query-input\":{\"@type\":\"PropertyValueSpecification\",\"valueRequired\":true,\"valueName\":\"search_term_string\"}}],\"inLanguage\":\"ca\"},{\"@type\":\"Organization\",\"@id\":\"https:\\\/\\\/piryta.com\\\/ca\\\/#organization\",\"name\":\"Piryta\",\"url\":\"https:\\\/\\\/piryta.com\\\/ca\\\/\",\"logo\":{\"@type\":\"ImageObject\",\"inLanguage\":\"ca\",\"@id\":\"https:\\\/\\\/piryta.com\\\/ca\\\/#\\\/schema\\\/logo\\\/image\\\/\",\"url\":\"https:\\\/\\\/piryta.com\\\/wp-content\\\/uploads\\\/2024\\\/05\\\/logo-piryta.png\",\"contentUrl\":\"https:\\\/\\\/piryta.com\\\/wp-content\\\/uploads\\\/2024\\\/05\\\/logo-piryta.png\",\"width\":584,\"height\":194,\"caption\":\"Piryta\"},\"image\":{\"@id\":\"https:\\\/\\\/piryta.com\\\/ca\\\/#\\\/schema\\\/logo\\\/image\\\/\"}}]}<\/script>\n<!-- \/ Yoast SEO plugin. -->","yoast_head_json":{"title":"Pol\u00edtica de cookies - Piryta","description":"Consulta la pol\u00edtica de cookies de Piryta i descobreix com fem servir cookies per millorar la teva experi\u00e8ncia de navegaci\u00f3 a la nostra web.","robots":{"index":"index","follow":"follow","max-snippet":"max-snippet:-1","max-image-preview":"max-image-preview:large","max-video-preview":"max-video-preview:-1"},"canonical":"https:\/\/piryta.com\/ca\/politica-de-cookies\/","og_locale":"ca_ES","og_type":"article","og_title":"Pol\u00edtica de cookies - Piryta","og_description":"Consulta la pol\u00edtica de cookies de Piryta i descobreix com fem servir cookies per millorar la teva experi\u00e8ncia de navegaci\u00f3 a la nostra web.","og_url":"https:\/\/piryta.com\/ca\/politica-de-cookies\/","og_site_name":"Piryta","article_modified_time":"2025-05-14T08:15:58+00:00","og_image":[{"width":37,"height":47,"url":"https:\/\/piryta.com\/wp-content\/uploads\/2024\/05\/piryta-favicon_1.png","type":"image\/png"}],"twitter_card":"summary_large_image","twitter_misc":{"Temps estimat de lectura":"6 minuts"},"schema":{"@context":"https:\/\/schema.org","@graph":[{"@type":"WebPage","@id":"https:\/\/piryta.com\/ca\/politica-de-cookies\/","url":"https:\/\/piryta.com\/ca\/politica-de-cookies\/","name":"Pol\u00edtica de cookies - Piryta","isPartOf":{"@id":"https:\/\/piryta.com\/ca\/#website"},"primaryImageOfPage":{"@id":"https:\/\/piryta.com\/ca\/politica-de-cookies\/#primaryimage"},"image":{"@id":"https:\/\/piryta.com\/ca\/politica-de-cookies\/#primaryimage"},"thumbnailUrl":"https:\/\/piryta.com\/wp-content\/uploads\/2024\/05\/piryta-favicon_1.png","datePublished":"2024-06-03T11:06:59+00:00","dateModified":"2025-05-14T08:15:58+00:00","description":"Consulta la pol\u00edtica de cookies de Piryta i descobreix com fem servir cookies per millorar la teva experi\u00e8ncia de navegaci\u00f3 a la nostra web.","breadcrumb":{"@id":"https:\/\/piryta.com\/ca\/politica-de-cookies\/#breadcrumb"},"inLanguage":"ca","potentialAction":[{"@type":"ReadAction","target":["https:\/\/piryta.com\/ca\/politica-de-cookies\/"]}]},{"@type":"ImageObject","inLanguage":"ca","@id":"https:\/\/piryta.com\/ca\/politica-de-cookies\/#primaryimage","url":"https:\/\/piryta.com\/wp-content\/uploads\/2024\/05\/piryta-favicon_1.png","contentUrl":"https:\/\/piryta.com\/wp-content\/uploads\/2024\/05\/piryta-favicon_1.png","width":37,"height":47},{"@type":"BreadcrumbList","@id":"https:\/\/piryta.com\/ca\/politica-de-cookies\/#breadcrumb","itemListElement":[{"@type":"ListItem","position":1,"name":"Inici","item":"https:\/\/piryta.com\/ca\/"},{"@type":"ListItem","position":2,"name":"Pol\u00edtica de cookies"}]},{"@type":"WebSite","@id":"https:\/\/piryta.com\/ca\/#website","url":"https:\/\/piryta.com\/ca\/","name":"Piryta","description":"Materiales de por vida. Suelos y paredes","publisher":{"@id":"https:\/\/piryta.com\/ca\/#organization"},"potentialAction":[{"@type":"SearchAction","target":{"@type":"EntryPoint","urlTemplate":"https:\/\/piryta.com\/ca\/?s={search_term_string}"},"query-input":{"@type":"PropertyValueSpecification","valueRequired":true,"valueName":"search_term_string"}}],"inLanguage":"ca"},{"@type":"Organization","@id":"https:\/\/piryta.com\/ca\/#organization","name":"Piryta","url":"https:\/\/piryta.com\/ca\/","logo":{"@type":"ImageObject","inLanguage":"ca","@id":"https:\/\/piryta.com\/ca\/#\/schema\/logo\/image\/","url":"https:\/\/piryta.com\/wp-content\/uploads\/2024\/05\/logo-piryta.png","contentUrl":"https:\/\/piryta.com\/wp-content\/uploads\/2024\/05\/logo-piryta.png","width":584,"height":194,"caption":"Piryta"},"image":{"@id":"https:\/\/piryta.com\/ca\/#\/schema\/logo\/image\/"}}]}},"_links":{"self":[{"href":"https:\/\/piryta.com\/ca\/wp-json\/wp\/v2\/pages\/595","targetHints":{"allow":["GET"]}}],"collection":[{"href":"https:\/\/piryta.com\/ca\/wp-json\/wp\/v2\/pages"}],"about":[{"href":"https:\/\/piryta.com\/ca\/wp-json\/wp\/v2\/types\/page"}],"author":[{"embeddable":true,"href":"https:\/\/piryta.com\/ca\/wp-json\/wp\/v2\/users\/1"}],"replies":[{"embeddable":true,"href":"https:\/\/piryta.com\/ca\/wp-json\/wp\/v2\/comments?post=595"}],"version-history":[{"count":4,"href":"https:\/\/piryta.com\/ca\/wp-json\/wp\/v2\/pages\/595\/revisions"}],"predecessor-version":[{"id":713,"href":"https:\/\/piryta.com\/ca\/wp-json\/wp\/v2\/pages\/595\/revisions\/713"}],"wp:featuredmedia":[{"embeddable":true,"href":"https:\/\/piryta.com\/ca\/wp-json\/wp\/v2\/media\/492"}],"wp:attachment":[{"href":"https:\/\/piryta.com\/ca\/wp-json\/wp\/v2\/media?parent=595"}],"curies":[{"name":"wp","href":"https:\/\/api.w.org\/{rel}","templated":true}]}}